{"id":35404,"date":"2020-02-13T23:47:41","date_gmt":"2020-02-14T02:47:41","guid":{"rendered":"https:\/\/blogdafeira.com.br\/home\/?page_id=35404"},"modified":"2023-01-06T16:18:31","modified_gmt":"2023-01-06T19:18:31","slug":"pagina-inicial","status":"publish","type":"page","link":"https:\/\/blogdafeira.com.br\/home\/","title":{"rendered":"Home"},"content":{"rendered":"","protected":false},"excerpt":{"rendered":"","protected":false},"author":8,"featured_media":0,"parent":0,"menu_order":0,"comment_status":"closed","ping_status":"closed","template":"","meta":{"jetpack_post_was_ever_published":false,"cybocfi_hide_featured_image":"","footnotes":""},"class_list":["post-35404","page","type-page","status-publish","hentry"],"jetpack_shortlink":"https:\/\/wp.me\/P3niVf-9d2","jetpack_sharing_enabled":true,"jetpack-related-posts":[{"id":35744,"url":"https:\/\/blogdafeira.com.br\/home\/colunistas\/","url_meta":{"origin":35404,"position":0},"title":"Colunistas","author":"Blog da Feira","date":"27\/02\/2020","format":false,"excerpt":"","rel":"","context":"Post similar","block_context":{"text":"Post similar","link":""},"img":{"alt_text":"","src":"","width":0,"height":0},"classes":[]},{"id":35565,"url":"https:\/\/blogdafeira.com.br\/home\/todos-os-posts\/","url_meta":{"origin":35404,"position":1},"title":"Todos os posts","author":"Blog da Feira","date":"19\/02\/2020","format":false,"excerpt":"","rel":"","context":"Post similar","block_context":{"text":"Post similar","link":""},"img":{"alt_text":"","src":"","width":0,"height":0},"classes":[]},{"id":40043,"url":"https:\/\/blogdafeira.com.br\/home\/distritos\/","url_meta":{"origin":35404,"position":2},"title":"Distritos","author":"Blog da Feira","date":"02\/09\/2020","format":false,"excerpt":"Zona rural e distritos de Feira de Santana","rel":"","context":"Post similar","block_context":{"text":"Post similar","link":""},"img":{"alt_text":"","src":"","width":0,"height":0},"classes":[]},{"id":86,"url":"https:\/\/blogdafeira.com.br\/home\/quem-somos\/","url_meta":{"origin":35404,"position":3},"title":"Quem somos","author":"Blog da Feira","date":"04\/04\/2013","format":false,"excerpt":"Fale conosco: contato@blogdafeira.com.br | comercial@blogdafeira.com.br J\u00e2nio R\u00eago (Jornalista) redacao@blogdafeira.com.br Daniel Rego daniel@blogdafeira.com.br","rel":"","context":"Post similar","block_context":{"text":"Post similar","link":""},"img":{"alt_text":"","src":"","width":0,"height":0},"classes":[]},{"id":18,"url":"https:\/\/blogdafeira.com.br\/home\/contato\/","url_meta":{"origin":35404,"position":4},"title":"Contato","author":"Blog da Feira","date":"02\/04\/2013","format":false,"excerpt":"Janio Costa Rego Comunica\u00e7\u00f5es Rua Marechal Castelo Branco, 1669 Santa M\u00f4nica Feira de Santana\/BA 44077-100 Releases podem ser enviados para \u00a0redacao@blogdafeira.com.br J\u00e2nio R\u00eago (Jornalista) janiorego@blogdafeira.com.br Daniel R\u00eago (Comercial) daniel@blogdafeira.com.br","rel":"","context":"Post similar","block_context":{"text":"Post similar","link":""},"img":{"alt_text":"","src":"","width":0,"height":0},"classes":[]},{"id":36188,"url":"https:\/\/blogdafeira.com.br\/home\/obrigado-pela-sua-contribuicao\/","url_meta":{"origin":35404,"position":5},"title":"Obrigado pela sua contribui\u00e7\u00e3o!","author":"Blog da Feira","date":"13\/03\/2020","format":false,"excerpt":"A equipe do Blog da Feira agradece imensamente a sua contribui\u00e7\u00e3o! Ao apoiar o Blog voc\u00ea apoia o jornalismo independente, o debate e a pluralidade de ideias em Feira de Santana. Nosso compromisso sempre foi (e sempre ser\u00e1) com informa\u00e7\u00e3o, an\u00e1lise e sobretudo debate de qualidade. Em breve, voc\u00ea receber\u00e1\u2026","rel":"","context":"Post similar","block_context":{"text":"Post similar","link":""},"img":{"alt_text":"","src":"","width":0,"height":0},"classes":[]}],"_links":{"self":[{"href":"https:\/\/blogdafeira.com.br\/home\/wp-json\/wp\/v2\/pages\/35404","targetHints":{"allow":["GET"]}}],"collection":[{"href":"https:\/\/blogdafeira.com.br\/home\/wp-json\/wp\/v2\/pages"}],"about":[{"href":"https:\/\/blogdafeira.com.br\/home\/wp-json\/wp\/v2\/types\/page"}],"author":[{"embeddable":true,"href":"https:\/\/blogdafeira.com.br\/home\/wp-json\/wp\/v2\/users\/8"}],"replies":[{"embeddable":true,"href":"https:\/\/blogdafeira.com.br\/home\/wp-json\/wp\/v2\/comments?post=35404"}],"version-history":[{"count":6,"href":"https:\/\/blogdafeira.com.br\/home\/wp-json\/wp\/v2\/pages\/35404\/revisions"}],"predecessor-version":[{"id":56074,"href":"https:\/\/blogdafeira.com.br\/home\/wp-json\/wp\/v2\/pages\/35404\/revisions\/56074"}],"wp:attachment":[{"href":"https:\/\/blogdafeira.com.br\/home\/wp-json\/wp\/v2\/media?parent=35404"}],"curies":[{"name":"wp","href":"https:\/\/api.w.org\/{rel}","templated":true}]}}