{"id":35565,"date":"2020-02-19T23:39:44","date_gmt":"2020-02-20T02:39:44","guid":{"rendered":"https:\/\/blogdafeira.com.br\/home\/?page_id=35565"},"modified":"2020-04-27T01:18:02","modified_gmt":"2020-04-27T04:18:02","slug":"todos-os-posts","status":"publish","type":"page","link":"https:\/\/blogdafeira.com.br\/home\/todos-os-posts\/","title":{"rendered":"Todos os posts"},"content":{"rendered":"","protected":false},"excerpt":{"rendered":"","protected":false},"author":1,"featured_media":0,"parent":0,"menu_order":0,"comment_status":"closed","ping_status":"closed","template":"","meta":{"jetpack_post_was_ever_published":false,"cybocfi_hide_featured_image":"","footnotes":""},"class_list":["post-35565","page","type-page","status-publish","hentry"],"jetpack_shortlink":"https:\/\/wp.me\/P3niVf-9fD","jetpack_sharing_enabled":true,"jetpack-related-posts":[{"id":58725,"url":"https:\/\/blogdafeira.com.br\/home\/politica-de-privacidade\/","url_meta":{"origin":35565,"position":0},"title":"Pol\u00edtica de Privacidade","author":"Daniel Rego","date":"24\/07\/2023","format":false,"excerpt":"O site Blog da Feira \u00e9 de propriedade da empresa Janio Costa Rego Comunica\u00e7\u00f5es, que \u00e9 a controladora de seus dados pessoais e tem sede na Rep\u00fablica Federativa do Brasil. N\u00f3s adotamos esta Pol\u00edtica de Privacidade, que determina como n\u00f3s estamos processando as informa\u00e7\u00f5es coletadas pelo site Blog da Feira\u2026","rel":"","context":"Post similar","block_context":{"text":"Post similar","link":""},"img":{"alt_text":"","src":"","width":0,"height":0},"classes":[]}],"_links":{"self":[{"href":"https:\/\/blogdafeira.com.br\/home\/wp-json\/wp\/v2\/pages\/35565","targetHints":{"allow":["GET"]}}],"collection":[{"href":"https:\/\/blogdafeira.com.br\/home\/wp-json\/wp\/v2\/pages"}],"about":[{"href":"https:\/\/blogdafeira.com.br\/home\/wp-json\/wp\/v2\/types\/page"}],"author":[{"embeddable":true,"href":"https:\/\/blogdafeira.com.br\/home\/wp-json\/wp\/v2\/users\/1"}],"replies":[{"embeddable":true,"href":"https:\/\/blogdafeira.com.br\/home\/wp-json\/wp\/v2\/comments?post=35565"}],"version-history":[{"count":4,"href":"https:\/\/blogdafeira.com.br\/home\/wp-json\/wp\/v2\/pages\/35565\/revisions"}],"predecessor-version":[{"id":37373,"href":"https:\/\/blogdafeira.com.br\/home\/wp-json\/wp\/v2\/pages\/35565\/revisions\/37373"}],"wp:attachment":[{"href":"https:\/\/blogdafeira.com.br\/home\/wp-json\/wp\/v2\/media?parent=35565"}],"curies":[{"name":"wp","href":"https:\/\/api.w.org\/{rel}","templated":true}]}}