{"id":58725,"date":"2023-07-24T17:11:19","date_gmt":"2023-07-24T20:11:19","guid":{"rendered":"https:\/\/blogdafeira.com.br\/home\/?page_id=58725"},"modified":"2023-07-24T17:15:07","modified_gmt":"2023-07-24T20:15:07","slug":"politica-de-privacidade","status":"publish","type":"page","link":"https:\/\/blogdafeira.com.br\/home\/politica-de-privacidade\/","title":{"rendered":"Pol\u00edtica de Privacidade"},"content":{"rendered":"<div id=\"blogd-79056358\" class=\"blogd-fim-do-post-mobile blogd-entity-placement\" style=\"margin-left: auto;margin-right: auto;text-align: center;\"><a href=\"https:\/\/www.sefaz.feiradesantana.ba.gov.br\/\" target=\"_blank\" aria-label=\"728&#215;90 (6)\"><img loading=\"lazy\" decoding=\"async\" src=\"https:\/\/blogdafeira.com.br\/home\/wp-content\/uploads\/2026\/03\/728x90-6.gif\" alt=\"\"  class=\"no-lazyload\" width=\"728\" height=\"90\"  style=\"display: inline-block;\" \/><\/a><\/div><p style=\"text-align: justify;\">O site Blog da Feira \u00e9 de propriedade da empresa Janio Costa Rego Comunica\u00e7\u00f5es, que \u00e9 a controladora de seus dados pessoais e tem sede na Rep\u00fablica Federativa do Brasil.<\/p><div id=\"blogd-89263678\" class=\"blogd-conteudo-2-mobile blogd-entity-placement\"><a href=\"https:\/\/feirenses.com.br\/\" target=\"_blank\" aria-label=\"feirenses\"><img loading=\"lazy\" decoding=\"async\" src=\"https:\/\/blogdafeira.com.br\/home\/wp-content\/uploads\/2026\/04\/feirenses.png\" alt=\"\"  srcset=\"https:\/\/blogdafeira.com.br\/home\/wp-content\/uploads\/2026\/04\/feirenses.png 300w, https:\/\/blogdafeira.com.br\/home\/wp-content\/uploads\/2026\/04\/feirenses-170x45.png 170w, https:\/\/blogdafeira.com.br\/home\/wp-content\/uploads\/2026\/04\/feirenses-280x74.png 280w\" sizes=\"(max-width: 300px) 100vw, 300px\" class=\"no-lazyload\" width=\"300\" height=\"79\"  style=\"display: inline-block;\" \/><\/a><\/div>\n<p style=\"text-align: justify;\">N\u00f3s adotamos esta Pol\u00edtica de Privacidade, que determina como n\u00f3s estamos processando as informa\u00e7\u00f5es coletadas pelo site Blog da Feira e tamb\u00e9m explica por quais raz\u00f5es n\u00f3s precisamos coletar dados pessoais sobre voc\u00ea. Portanto, voc\u00ea deve ler esta Pol\u00edtica de Privacidade antes de usar o site Blog da Feira.<\/p>\n<p style=\"text-align: justify;\">N\u00f3s cuidamos dos seus dados pessoais e assumimos a responsabilidade de garantir a confidencialidade e seguran\u00e7a de suas informa\u00e7\u00f5es pessoais.<\/p>\n<h4 style=\"text-align: justify;\">Estes s\u00e3o as informa\u00e7\u00f5es pessoais que coletamos<\/h4>\n<p style=\"text-align: justify;\">Quando voc\u00ea visita o site Blog da Feira, n\u00f3s automaticamente coletamos certas informa\u00e7\u00f5es sobre seu dispositivo, incluindo informa\u00e7\u00f5es sobre seu navegador, endere\u00e7o IP, fuso hor\u00e1rio e alguns dos cookies instalados no seu seu dispostivo. Al\u00e9m disso, quando voc\u00ea navega pelo Site, n\u00f3s coletamos informa\u00e7\u00f5es sobre as p\u00e1ginas individuais ou produtos que voc\u00ea visualiza, sobre quais sites ou termos de busca redirecionaram voc\u00ea para nosso Site, e sobre como voc\u00ea interage com o Site. N\u00f3s nos referimos a essas informa\u00e7\u00f5es coletadas automaticamente como &#8220;Informa\u00e7\u00f5es sobre o dispositivo&#8221;. Al\u00e9m disso, n\u00f3s podemos coletar dados pessoais que voc\u00ea fornecer (incluindo, mas n\u00e3o limitado a: Nome, Sobrenome, Endere\u00e7o, informa\u00e7\u00f5es de pagamento, etc) durante o processo de registro para poder cumprir o acordo.<\/p>\n<p style=\"text-align: justify;\"><span style=\"color: #444444;\">A sua privacidade \u00e9 importante para n\u00f3s. \u00c9 pol\u00edtica do Blog da Feira respeitar a sua privacidade em rela\u00e7\u00e3o a qualquer informa\u00e7\u00e3o sua que possamos coletar no site <a href=\"https:\/\/blogdafeira.com.br\">Blog da Feira<\/a>, e outros sites que possu\u00edmos e operamos.<\/span><\/p>\n<p style=\"text-align: justify;\"><span style=\"color: #444444;\">Solicitamos informa\u00e7\u00f5es pessoais apenas quando realmente precisamos delas para lhe fornecer um servi\u00e7o. Fazemo-lo por meios justos e legais, com o seu conhecimento e consentimento. Tamb\u00e9m informamos por que estamos coletando e como ser\u00e1 usado.<\/span><\/p>\n<p style=\"text-align: justify;\"><span style=\"color: #444444;\">Quando armazenamos dados, protegemos dentro de meios comercialmente aceit\u00e1veis \u200b\u200bpara evitar perdas e roubos, bem como acesso, divulga\u00e7\u00e3o, c\u00f3pia, uso ou modifica\u00e7\u00e3o n\u00e3o autorizados.<\/span><\/p>\n<p style=\"text-align: justify;\"><span style=\"color: #444444;\">N\u00e3o compartilhamos informa\u00e7\u00f5es de identifica\u00e7\u00e3o pessoal publicamente ou com terceiros, exceto quando exigido por lei.<\/span><\/p>\n<p style=\"text-align: justify;\"><span style=\"color: #444444;\">O nosso site pode ter links para sites externos que n\u00e3o s\u00e3o operados por n\u00f3s. Esteja ciente de que n\u00e3o temos controle sobre o conte\u00fado e pr\u00e1ticas desses sites e n\u00e3o podemos aceitar responsabilidade por suas respectivas\u00a0<\/span>pol\u00edticas de privacidade<span style=\"color: #444444;\">.<\/span><\/p>\n<p style=\"text-align: justify;\"><span style=\"color: #444444;\">Voc\u00ea \u00e9 livre para recusar a nossa solicita\u00e7\u00e3o de informa\u00e7\u00f5es pessoais, entendendo que talvez n\u00e3o possamos fornecer alguns dos servi\u00e7os desejados.<\/span><\/p>\n<p style=\"text-align: justify;\"><span style=\"color: #444444;\">O uso continuado de nosso site ser\u00e1 considerado como aceita\u00e7\u00e3o de nossas pr\u00e1ticas em torno de privacidade e informa\u00e7\u00f5es pessoais. Se voc\u00ea tiver alguma d\u00favida sobre como lidamos com dados do usu\u00e1rio e informa\u00e7\u00f5es pessoais, entre em contacto conosco.<\/span><\/p>\n<ul style=\"text-align: justify;\">\n<li><span style=\"color: #444444;\">O servi\u00e7o Google AdSense que usamos para veicular publicidade usa um cookie DoubleClick para veicular an\u00fancios mais relevantes em toda a Web e limitar o n\u00famero de vezes que um determinado an\u00fancio \u00e9 exibido para voc\u00ea.<\/span><\/li>\n<li><span style=\"color: #444444;\">Para mais informa\u00e7\u00f5es sobre o Google AdSense, consulte as FAQs oficiais sobre privacidade do Google AdSense.<\/span><\/li>\n<li><span style=\"color: #444444;\">Utilizamos an\u00fancios para compensar os custos de funcionamento deste site e fornecer financiamento para futuros desenvolvimentos. Os cookies de publicidade comportamental usados \u200b\u200bpor este site foram projetados para garantir que voc\u00ea forne\u00e7a os an\u00fancios mais relevantes sempre que poss\u00edvel, rastreando anonimamente seus interesses e apresentando coisas semelhantes que possam ser do seu interesse.<\/span><\/li>\n<li><span style=\"color: #444444;\">V\u00e1rios parceiros anunciam em nosso nome e os cookies de rastreamento de afiliados simplesmente nos permitem ver se nossos clientes acessaram o site atrav\u00e9s de um dos sites de nossos parceiros, para que possamos credit\u00e1-los adequadamente e, quando aplic\u00e1vel, permitir que nossos parceiros afiliados ofere\u00e7am qualquer promo\u00e7\u00e3o que pode fornec\u00ea-lo para fazer uma compra.<\/span><\/li>\n<\/ul>\n<h3 style=\"text-align: justify;\"><span style=\"color: #444444;\">Compromisso do Usu\u00e1rio<\/span><\/h3>\n<p style=\"text-align: justify;\"><span style=\"color: #444444;\">O usu\u00e1rio se compromete a fazer uso adequado dos conte\u00fados e da informa\u00e7\u00e3o que o Blog da Feira oferece no site e com car\u00e1ter enunciativo, mas n\u00e3o limitativo:<\/span><\/p>\n<ul style=\"text-align: justify;\">\n<li><span style=\"color: #444444;\">A) N\u00e3o se envolver em atividades que sejam ilegais ou contr\u00e1rias \u00e0 boa f\u00e9 a \u00e0 ordem p\u00fablica;<\/span><\/li>\n<li><span style=\"color: #444444;\">B) N\u00e3o difundir propaganda ou conte\u00fado de natureza racista, xenof\u00f3bica, jogos de sorte ou azar, qualquer tipo de pornografia ilegal, de apologia ao terrorismo ou contra os direitos humanos;<\/span><\/li>\n<li><span style=\"color: #444444;\">C) N\u00e3o causar danos aos sistemas f\u00edsicos (hardwares) e l\u00f3gicos (softwares) do Blog da Feira, de seus fornecedores ou terceiros, para introduzir ou disseminar v\u00edrus inform\u00e1ticos ou quaisquer outros sistemas de hardware ou software que sejam capazes de causar danos anteriormente mencionados.<\/span><\/li>\n<\/ul>\n<h3 style=\"text-align: justify;\">Por que fazemos o processamento dos seus dados?<\/h3>\n<p style=\"text-align: justify;\">Nossa maior prioridade \u00e9 a seguran\u00e7a dos dados pessoais dos usu\u00e1rios e, portanto, n\u00f3s podemos processar apenas dados m\u00ednimos, apenas enquanto for absolutamente necess\u00e1rio para a manuten\u00e7\u00e3o do site. Informa\u00e7\u00f5es coletadas automaticamente s\u00e3o usadas para identificar poss\u00edveis casos de abuso e estabelecer dados estat\u00edsticos sobre o uso do site. Esses dados estat\u00edsticos n\u00e3o s\u00e3o agregados de outras formas que permitam a identifica\u00e7\u00e3o de usu\u00e1rios espec\u00edficos do sistema.<\/p>\n<p style=\"text-align: justify;\">Voc\u00ea pode visitar o site sem nos contar sobre quem voc\u00ea \u00e9 ou relevar qualquer informa\u00e7\u00e3o que possa ser usada por outra pessoa para identificar voc\u00ea individualmente. Se, apesar disso, voc\u00ea quiser utilizar algum dos recursos do site, ou quiser receber nossa newsletter, ou quiser conceder outros detalhes atrav\u00e9s do preencimento e envio de formul\u00e1rios, voc\u00ea poder\u00e1 fornecer dados pessoais para n\u00f3s, como seu email, nome, sobrenome, cidade de resid\u00eancia, organiza\u00e7\u00e3o e n\u00famero de telefone. Voc\u00ea pode escolher n\u00e3o fornecer dados pessoais para n\u00f3s, mas, dessa forma, talvez voc\u00ea n\u00e3o consiga usar alguns dos resursos do site. Por exemplo, voc\u00ea n\u00e3o vai conseguir receber nossa Newsletter ou entrar em contato conosco diretamente pelo nosso site. Usu\u00e1rios que n\u00e3o tenham certeza sobre quais informa\u00e7\u00f5es pessoais s\u00e3o obrigat\u00f3rias s\u00e3o convidados a entrarem em contato conosco pelo e-mail privacidade@blogdafeira.com.br.<\/p>\n<h3 style=\"text-align: justify;\">Seus direitos:<\/h3>\n<p style=\"text-align: justify;\">Se voc\u00ea morar na Europa, estes s\u00e3o os direitos garantidos quando aos seus dados pessoais:<\/p>\n<ul style=\"text-align: justify;\">\n<li>O direito de ser informado.<\/li>\n<li>O direito ao acesso.<\/li>\n<li>O direito \u00e0 retifica\u00e7\u00e3o.<\/li>\n<li>O direito de deletar.<\/li>\n<li>O direito de restringir o processamento.<\/li>\n<li>O direito da portabilidade de dados.<\/li>\n<li>O direito \u00e0 obje\u00e7\u00e3o.<\/li>\n<li>Direitos em rela\u00e7\u00e3o a tomadas de decis\u00e3o automaticas e \u00e0 perfilagem.<\/li>\n<\/ul>\n<p style=\"text-align: justify;\">Se voc\u00ea quiser exercitar esses direitos, por favor entre em contato conosco pelo e-mail privacidade@blogdafeira.com.br.<\/p>\n<p style=\"text-align: justify;\">Adicionalmente, se voc\u00ea mora na Europa, n\u00f3s afirmamos que estamos processando suas informa\u00e7\u00f5es com a finalidade de cumprir contratos que possamos ter firmado com voc\u00ea, ou para exercer os interesses leg\u00edtimos da nossa empresa listados acima. Al\u00e9m disso, por favor saiba que suas informa\u00e7\u00f5es poder ser transferidas para fora da Europa, incluindo para o Canad\u00e1, para os Estados Unidos da Am\u00e9rica e para o Brasil.<\/p>\n<h3 style=\"text-align: justify;\">Links para outros sites<\/h3>\n<p style=\"text-align: justify;\">Nosso site pode conter links para outros sites que n\u00e3o s\u00e3o controlados por n\u00f3s e\/ou n\u00e3o s\u00e3o de nossa propriedade. Por favor esteja ciente de que n\u00f3s n\u00e3o somos respons\u00e1veis pelas pol\u00edticas de privacidade de tais sites e organiza\u00e7\u00f5es terceiras. N\u00f3s incentivamos voc\u00ea a estar ciente de quando sair do nosso site, e tamb\u00e9m incentivamos voc\u00ea a ler a pol\u00edtica de privacidade de cada um dos sites que podem coletar suas informa\u00e7\u00f5es pessoais.<\/p>\n<h3 style=\"text-align: justify;\">Seguran\u00e7a das informa\u00e7\u00f5es<\/h3>\n<p style=\"text-align: justify;\">N\u00f3s garantimos que as informa\u00e7\u00f5es que voc\u00ea fornece est\u00e3o em servidores e computadores armazenados em ambientes seguros e controlados, protegidos de acessos, usos e divulga\u00e7\u00f5es n\u00e3o-autorizadas. N\u00f3s matemos medidas de seguran\u00e7a administrativas, t\u00e9cnicas e f\u00edsicas razo\u00e1veis, com finalidade de proteger os dados pessoais sob nossa cust\u00f3dia de de acessos, usos, modifica\u00e7\u00f5es e divulga\u00e7\u00f5es n\u00e3o-autorizadas. Apesar disso, nenhuma transmiss\u00e3o de dados pela Internet ou por sistemas sem fio pode ser garantida.<\/p>\n<h3 style=\"text-align: justify;\">Declara\u00e7\u00e3o legal<\/h3>\n<p style=\"text-align: justify;\">N\u00f3s vamos divulgar qualquer informa\u00e7\u00e3o que coletarmos, usarmos ou recebermos caso tal divulga\u00e7\u00e3o seja solicitada ou permitida por lei, de forma a cumprir intima\u00e7\u00f5es ou processos judiciais similares, e tamb\u00e9m quando considerarmos em boa f\u00e9 que a divulga\u00e7\u00e3o \u00e9 necess\u00e1ria para a prote\u00e7\u00e3o de nossos direitos, para a prote\u00e7\u00e3o da seguran\u00e7a de outros, para investiga\u00e7\u00f5es de fraude ou para responder a uma solicita\u00e7\u00e3o do governo.<\/p>\n<h3 style=\"text-align: justify;\"><span style=\"color: #444444;\">Mais informa\u00e7\u00f5es<\/span><\/h3>\n<div id=\"blogd-2286376875\" class=\"blogd-final-post blogd-entity-placement\"><a href=\"https:\/\/www.feiradesantana.ba.leg.br\/\" target=\"_blank\" aria-label=\"BANNER-SITE-ENTREGADECHEQUE-CAMARADEFEIRA\"><img loading=\"lazy\" decoding=\"async\" src=\"https:\/\/blogdafeira.com.br\/home\/wp-content\/uploads\/2026\/03\/BANNER-SITE-ENTREGADECHEQUE-CAMARADEFEIRA.gif\" alt=\"\"  class=\"no-lazyload\" width=\"728\" height=\"90\"   \/><\/a><\/div><p style=\"text-align: justify;\"><span style=\"color: #444444;\">Esperemos que esteja esclarecido e, como mencionado anteriormente, se houver algo que voc\u00ea n\u00e3o tem certeza se precisa ou n\u00e3o, geralmente \u00e9 mais seguro deixar os cookies ativados, caso interaja com um dos recursos que voc\u00ea usa em nosso site.<\/span><\/p>\n","protected":false},"excerpt":{"rendered":"<p>O site Blog da Feira \u00e9 de propriedade da empresa Janio Costa Rego Comunica\u00e7\u00f5es, que \u00e9 a controladora de seus dados pessoais e tem sede na Rep\u00fablica Federativa do Brasil. N\u00f3s adotamos esta Pol\u00edtica de Privacidade, que determina como n\u00f3s estamos processando as informa\u00e7\u00f5es coletadas pelo site Blog da Feira e tamb\u00e9m explica por quais<\/p>\n","protected":false},"author":5,"featured_media":0,"parent":0,"menu_order":0,"comment_status":"closed","ping_status":"closed","template":"","meta":{"jetpack_post_was_ever_published":false,"cybocfi_hide_featured_image":"","footnotes":""},"class_list":["post-58725","page","type-page","status-publish","hentry"],"jetpack_shortlink":"https:\/\/wp.me\/P3niVf-fhb","jetpack_sharing_enabled":false,"jetpack-related-posts":[{"id":36188,"url":"https:\/\/blogdafeira.com.br\/home\/obrigado-pela-sua-contribuicao\/","url_meta":{"origin":58725,"position":0},"title":"Obrigado pela sua contribui\u00e7\u00e3o!","author":"Blog da Feira","date":"13\/03\/2020","format":false,"excerpt":"A equipe do Blog da Feira agradece imensamente a sua contribui\u00e7\u00e3o! Ao apoiar o Blog voc\u00ea apoia o jornalismo independente, o debate e a pluralidade de ideias em Feira de Santana. Nosso compromisso sempre foi (e sempre ser\u00e1) com informa\u00e7\u00e3o, an\u00e1lise e sobretudo debate de qualidade. Em breve, voc\u00ea receber\u00e1\u2026","rel":"","context":"Post similar","block_context":{"text":"Post similar","link":""},"img":{"alt_text":"","src":"","width":0,"height":0},"classes":[]},{"id":40043,"url":"https:\/\/blogdafeira.com.br\/home\/distritos\/","url_meta":{"origin":58725,"position":1},"title":"Distritos","author":"Blog da Feira","date":"02\/09\/2020","format":false,"excerpt":"Zona rural e distritos de Feira de Santana","rel":"","context":"Post similar","block_context":{"text":"Post similar","link":""},"img":{"alt_text":"","src":"","width":0,"height":0},"classes":[]},{"id":35744,"url":"https:\/\/blogdafeira.com.br\/home\/colunistas\/","url_meta":{"origin":58725,"position":2},"title":"Colunistas","author":"Blog da Feira","date":"27\/02\/2020","format":false,"excerpt":"","rel":"","context":"Post similar","block_context":{"text":"Post similar","link":""},"img":{"alt_text":"","src":"","width":0,"height":0},"classes":[]},{"id":18,"url":"https:\/\/blogdafeira.com.br\/home\/contato\/","url_meta":{"origin":58725,"position":3},"title":"Contato","author":"Blog da Feira","date":"02\/04\/2013","format":false,"excerpt":"Janio Costa Rego Comunica\u00e7\u00f5es Rua Marechal Castelo Branco, 1669 Santa M\u00f4nica Feira de Santana\/BA 44077-100 Releases podem ser enviados para \u00a0redacao@blogdafeira.com.br J\u00e2nio R\u00eago (Jornalista) janiorego@blogdafeira.com.br Daniel R\u00eago (Comercial) daniel@blogdafeira.com.br","rel":"","context":"Post similar","block_context":{"text":"Post similar","link":""},"img":{"alt_text":"","src":"","width":0,"height":0},"classes":[]},{"id":35565,"url":"https:\/\/blogdafeira.com.br\/home\/todos-os-posts\/","url_meta":{"origin":58725,"position":4},"title":"Todos os posts","author":"Blog da Feira","date":"19\/02\/2020","format":false,"excerpt":"","rel":"","context":"Post similar","block_context":{"text":"Post similar","link":""},"img":{"alt_text":"","src":"","width":0,"height":0},"classes":[]},{"id":86,"url":"https:\/\/blogdafeira.com.br\/home\/quem-somos\/","url_meta":{"origin":58725,"position":5},"title":"Quem somos","author":"Blog da Feira","date":"04\/04\/2013","format":false,"excerpt":"Fale conosco: contato@blogdafeira.com.br | comercial@blogdafeira.com.br J\u00e2nio R\u00eago (Jornalista) redacao@blogdafeira.com.br Daniel Rego daniel@blogdafeira.com.br","rel":"","context":"Post similar","block_context":{"text":"Post similar","link":""},"img":{"alt_text":"","src":"","width":0,"height":0},"classes":[]}],"_links":{"self":[{"href":"https:\/\/blogdafeira.com.br\/home\/wp-json\/wp\/v2\/pages\/58725","targetHints":{"allow":["GET"]}}],"collection":[{"href":"https:\/\/blogdafeira.com.br\/home\/wp-json\/wp\/v2\/pages"}],"about":[{"href":"https:\/\/blogdafeira.com.br\/home\/wp-json\/wp\/v2\/types\/page"}],"author":[{"embeddable":true,"href":"https:\/\/blogdafeira.com.br\/home\/wp-json\/wp\/v2\/users\/5"}],"replies":[{"embeddable":true,"href":"https:\/\/blogdafeira.com.br\/home\/wp-json\/wp\/v2\/comments?post=58725"}],"version-history":[{"count":1,"href":"https:\/\/blogdafeira.com.br\/home\/wp-json\/wp\/v2\/pages\/58725\/revisions"}],"predecessor-version":[{"id":58726,"href":"https:\/\/blogdafeira.com.br\/home\/wp-json\/wp\/v2\/pages\/58725\/revisions\/58726"}],"wp:attachment":[{"href":"https:\/\/blogdafeira.com.br\/home\/wp-json\/wp\/v2\/media?parent=58725"}],"curies":[{"name":"wp","href":"https:\/\/api.w.org\/{rel}","templated":true}]}}